{"id":190,"date":"2021-01-29T23:36:54","date_gmt":"2021-01-29T22:36:54","guid":{"rendered":"http:\/\/www.cul.nu\/?page_id=190"},"modified":"2025-11-15T16:19:15","modified_gmt":"2025-11-15T15:19:15","slug":"la-carte","status":"publish","type":"page","link":"https:\/\/www.restaurant-lapommedor.ch\/index.php\/la-carte\/","title":{"rendered":"La carte"},"content":{"rendered":"\n<h3 class=\"wp-block-heading\">Nos Pizzas:<\/h3>\n\n\n<a href=\"https:\/\/www.restaurant-lapommedor.ch\/wp-content\/uploads\/2025\/11\/Carte-pizzas-dOr-13-11-2025.pdf\" class=\"pdfemb-viewer\" style=\"\" data-width=\"max\" data-height=\"max\" data-toolbar=\"bottom\" data-toolbar-fixed=\"off\">Carte-pizzas-dOr-13-11-2025<\/a>\n\n\n<p><a href=\"https:\/\/www.restaurant-lapommedor.ch\/wp-content\/uploads\/2025\/01\/pizza_pomme_2025.pdf\" data-type=\"attachment\" data-id=\"1365\">T\u00e9l\u00e9charger la carte des pizzas<\/a><\/p>\n\n\n\n<h3 class=\"wp-block-heading\">Notre carte:<\/h3>\n\n\n<a href=\"https:\/\/www.restaurant-lapommedor.ch\/wp-content\/uploads\/2025\/11\/Carte-La-Pomme-dOr-13-11-2025.pdf\" class=\"pdfemb-viewer\" style=\"\" data-width=\"max\" data-height=\"max\" data-toolbar=\"bottom\" data-toolbar-fixed=\"off\">Carte-La-Pomme-dOr-13-11-2025<\/a>\n\n\n<p><a href=\"https:\/\/www.restaurant-lapommedor.ch\/wp-content\/uploads\/2025\/01\/Carte_pomme_2025.pdf\" data-type=\"attachment\" data-id=\"1364\">T\u00e9l\u00e9charger la carte <\/a><\/p>\n\n\n\n<p><\/p>\n","protected":false},"excerpt":{"rendered":"<p>Nos Pizzas: T\u00e9l\u00e9charger la carte des pizzas Notre carte: T\u00e9l\u00e9charger la carte<\/p>\n","protected":false},"author":1,"featured_media":0,"parent":0,"menu_order":0,"comment_status":"closed","ping_status":"closed","template":"","meta":{"footnotes":""},"class_list":["post-190","page","type-page","status-publish","hentry"],"_links":{"self":[{"href":"https:\/\/www.restaurant-lapommedor.ch\/index.php\/wp-json\/wp\/v2\/pages\/190","targetHints":{"allow":["GET"]}}],"collection":[{"href":"https:\/\/www.restaurant-lapommedor.ch\/index.php\/wp-json\/wp\/v2\/pages"}],"about":[{"href":"https:\/\/www.restaurant-lapommedor.ch\/index.php\/wp-json\/wp\/v2\/types\/page"}],"author":[{"embeddable":true,"href":"https:\/\/www.restaurant-lapommedor.ch\/index.php\/wp-json\/wp\/v2\/users\/1"}],"replies":[{"embeddable":true,"href":"https:\/\/www.restaurant-lapommedor.ch\/index.php\/wp-json\/wp\/v2\/comments?post=190"}],"version-history":[{"count":28,"href":"https:\/\/www.restaurant-lapommedor.ch\/index.php\/wp-json\/wp\/v2\/pages\/190\/revisions"}],"predecessor-version":[{"id":1636,"href":"https:\/\/www.restaurant-lapommedor.ch\/index.php\/wp-json\/wp\/v2\/pages\/190\/revisions\/1636"}],"wp:attachment":[{"href":"https:\/\/www.restaurant-lapommedor.ch\/index.php\/wp-json\/wp\/v2\/media?parent=190"}],"curies":[{"name":"wp","href":"https:\/\/api.w.org\/{rel}","templated":true}]}}